{"id":1722,"date":"2025-10-20T19:47:42","date_gmt":"2025-10-20T19:47:42","guid":{"rendered":"https:\/\/www.restaurantstbruno.com\/?page_id=1722"},"modified":"2025-10-24T00:26:15","modified_gmt":"2025-10-24T00:26:15","slug":"cocktails","status":"publish","type":"page","link":"https:\/\/www.restaurantstbruno.com\/fr\/cocktails\/","title":{"rendered":"Cocktails"},"content":{"rendered":"<div data-elementor-type=\"wp-page\" data-elementor-id=\"1722\" class=\"elementor elementor-1722\">\n\t\t\t\t\t\t<section class=\"elementor-section elementor-top-section elementor-element elementor-element-f1daf26 elementor-section-height-min-height pt-section-content-fullwidth pt-parallax-on-scroll pt_scroll_y_80 elementor-section-boxed elementor-section-height-default elementor-section-items-middle\" data-id=\"f1daf26\" data-element_type=\"section\" data-settings=\"{&quot;background_background&quot;:&quot;classic&quot;}\" data-pt-parallax-y=\"80\" style=\"background-image: none;\" data-pt-background-image=\"https:\/\/www.restaurantstbruno.com\/wp-content\/uploads\/2025\/08\/DSC08334-scaled.jpg\">\n\t\t\t\t\t\t\t<div class=\"elementor-background-overlay\"><\/div>\n\t\t\t\t\t\t\t<div class=\"elementor-container elementor-column-gap-no\">\n\t\t\t\t\t<div class=\"elementor-column elementor-col-100 elementor-top-column elementor-element elementor-element-cddf7d1\" data-id=\"cddf7d1\" data-element_type=\"column\">\n\t\t\t<div class=\"elementor-widget-wrap elementor-element-populated\">\n\t\t\t\t\t\t<div class=\"elementor-widget-image elementor-element elementor-element-179385c elementor-widget elementor-widget-pt_image\" data-id=\"179385c\" data-element_type=\"widget\" data-widget_type=\"pt_image.default\">\n\t\t\t\t<div class=\"elementor-widget-container\">\n\t\t\t\t\t                                        <img decoding=\"async\" width=\"112\" height=\"79\" src=\"https:\/\/www.restaurantstbruno.com\/wp-content\/uploads\/2024\/03\/icon-dining-white.png\" class=\"attachment-large size-large wp-image-1158\" alt=\"\" \/>                                            \t\t\t\t<\/div>\n\t\t\t\t<\/div>\n\t\t\t\t<div class=\"elementor-element elementor-element-2e3b046 elementor-widget elementor-widget-pt_title\" data-id=\"2e3b046\" data-element_type=\"widget\" data-widget_type=\"pt_title.default\">\n\t\t\t\t<div class=\"elementor-widget-container\">\n\t\t\t\t\t\n        <div class=\"pt-title-wrap text-center\">\t            <h1 class=\"pt-title\">\n\t                Cocktails\t            <\/h1>        <\/div>\t\t\t\t<\/div>\n\t\t\t\t<\/div>\n\t\t\t\t<div class=\"elementor-element elementor-element-3991fcf elementor-widget elementor-widget-pt_title\" data-id=\"3991fcf\" data-element_type=\"widget\" data-widget_type=\"pt_title.default\">\n\t\t\t\t<div class=\"elementor-widget-container\">\n\t\t\t\t\t\n        <div class=\"pt-title-wrap text-center\">\t            <div class=\"pt-subtitle-wrap\"><span class=\"pt-subtitle color-white style-bordered\">Restaurant St-Bruno<\/span><\/div>        <\/div>\t\t\t\t<\/div>\n\t\t\t\t<\/div>\n\t\t\t\t\t<\/div>\n\t\t<\/div>\n\t\t\t\t\t<\/div>\n\t\t<\/section>\n\t\t\t\t<section class=\"elementor-section elementor-top-section elementor-element elementor-element-3b9a580 elementor-section-boxed elementor-section-height-default elementor-section-height-default\" data-id=\"3b9a580\" data-element_type=\"section\">\n\t\t\t\t\t\t<div class=\"elementor-container elementor-column-gap-no\">\n\t\t\t\t\t<div class=\"elementor-column elementor-col-100 elementor-top-column elementor-element elementor-element-0c89a70\" data-id=\"0c89a70\" data-element_type=\"column\">\n\t\t\t<div class=\"elementor-widget-wrap elementor-element-populated\">\n\t\t\t\t\t\t<div class=\"elementor-widget-image elementor-element elementor-element-9bbd70a elementor-widget elementor-widget-pt_image\" data-id=\"9bbd70a\" data-element_type=\"widget\" data-widget_type=\"pt_image.default\">\n\t\t\t\t<div class=\"elementor-widget-container\">\n\t\t\t\t\t                                        <img decoding=\"async\" width=\"70\" height=\"91\" src=\"https:\/\/www.restaurantstbruno.com\/wp-content\/uploads\/2024\/03\/icon-leaf.png\" class=\"attachment-large size-large wp-image-1193\" alt=\"\" \/>                                            \t\t\t\t<\/div>\n\t\t\t\t<\/div>\n\t\t\t\t\t<\/div>\n\t\t<\/div>\n\t\t\t\t\t<\/div>\n\t\t<\/section>\n\t\t\t\t<section class=\"elementor-section elementor-top-section elementor-element elementor-element-38500d5 elementor-section-boxed elementor-section-height-default elementor-section-height-default\" data-id=\"38500d5\" data-element_type=\"section\">\n\t\t\t\t\t\t<div class=\"elementor-container elementor-column-gap-no\">\n\t\t\t\t\t<div class=\"elementor-column elementor-col-100 elementor-top-column elementor-element elementor-element-7342b10\" data-id=\"7342b10\" data-element_type=\"column\">\n\t\t\t<div class=\"elementor-widget-wrap elementor-element-populated\">\n\t\t\t\t\t\t<div class=\"elementor-element elementor-element-73c46e65 elementor-widget elementor-widget-pt_food_menu\" data-id=\"73c46e65\" data-element_type=\"widget\" data-widget_type=\"pt_food_menu.default\">\n\t\t\t\t<div class=\"elementor-widget-container\">\n\t\t\t\t\t            <div class=\"pt-food-menu food-menu-style-6 title-responsive-tablet\">                <div class=\"pt-food-menu-item\">                    <div class=\"pt-food-menu-main\">\n                        <div class=\"pt-food-menu-header\">                            <h6 class=\"pt-food-menu-title\">                                <span class=\"title-wrap\">Aperol Spritz\t\t\t\t\t\t\t\t<\/span>                            <\/h6>\n                            <div class=\"pt-food-menu-lines\"><\/div><span class=\"pt-food-menu-price\">14 $<\/span>                        <\/div>                            <p class=\"pt-food-menu-details\">5 oz - Aperol, prosecco, soda <\/p>                    <\/div>\n                <\/div>                <div class=\"pt-food-menu-item\">                    <div class=\"pt-food-menu-main\">\n                        <div class=\"pt-food-menu-header\">                            <h6 class=\"pt-food-menu-title\">                                <span class=\"title-wrap\">Hugo Spritz\t\t\t\t\t\t\t\t<\/span>                            <\/h6>\n                            <div class=\"pt-food-menu-lines\"><\/div><span class=\"pt-food-menu-price\">14 $<\/span>                        <\/div>                            <p class=\"pt-food-menu-details\">4.5 oz - St-Germain, prosecco, soda, menthe\/mint<\/p>                    <\/div>\n                <\/div>                <div class=\"pt-food-menu-item\">                    <div class=\"pt-food-menu-main\">\n                        <div class=\"pt-food-menu-header\">                            <h6 class=\"pt-food-menu-title\">                                <span class=\"title-wrap\">Bloody Caesar \t\t\t\t\t\t\t\t<\/span>                            <\/h6>\n                            <div class=\"pt-food-menu-lines\"><\/div><span class=\"pt-food-menu-price\">14 $<\/span>                        <\/div>                            <p class=\"pt-food-menu-details\">1.5 oz - vodka, jus de clamato, jus de\ncitron, worcestershire, tabasco, sel de c\u00e9leri et \u00e9pices \u00e0 steak \/ vodka, Clamato juice, lemon juice, Worcestershire, Tabasco, celery salt, and steak spices<\/p>                    <\/div>\n                <\/div>                <div class=\"pt-food-menu-item\">                    <div class=\"pt-food-menu-main\">\n                        <div class=\"pt-food-menu-header\">                            <h6 class=\"pt-food-menu-title\">                                <span class=\"title-wrap\">Amaretto Sour\t\t\t\t\t\t\t\t<\/span>                            <\/h6>\n                            <div class=\"pt-food-menu-lines\"><\/div><span class=\"pt-food-menu-price\">15 $<\/span>                        <\/div>                            <p class=\"pt-food-menu-details\">2 oz - Disaronno, jus de citron, sirop simple \/ Disaronno, lemon juice, simple syrup <\/p>                    <\/div>\n                <\/div>                <div class=\"pt-food-menu-item\">                    <div class=\"pt-food-menu-main\">\n                        <div class=\"pt-food-menu-header\">                            <h6 class=\"pt-food-menu-title\">                                <span class=\"title-wrap\">Negroni\t\t\t\t\t\t\t\t<\/span>                            <\/h6>\n                            <div class=\"pt-food-menu-lines\"><\/div><span class=\"pt-food-menu-price\">14 $<\/span>                        <\/div>                            <p class=\"pt-food-menu-details\">3 oz - Campari, Tanqueray, Martini Rosso<\/p>                    <\/div>\n                <\/div>                <div class=\"pt-food-menu-item\">                    <div class=\"pt-food-menu-main\">\n                        <div class=\"pt-food-menu-header\">                            <h6 class=\"pt-food-menu-title\">                                <span class=\"title-wrap\">Negroni Sbagliato\t\t\t\t\t\t\t\t<\/span>                            <\/h6>\n                            <div class=\"pt-food-menu-lines\"><\/div><span class=\"pt-food-menu-price\">14 $<\/span>                        <\/div>                            <p class=\"pt-food-menu-details\">3 oz - Campari, prosecco, Martini Rosso <\/p>                    <\/div>\n                <\/div>                <div class=\"pt-food-menu-item\">                    <div class=\"pt-food-menu-main\">\n                        <div class=\"pt-food-menu-header\">                            <h6 class=\"pt-food-menu-title\">                                <span class=\"title-wrap\">Old Fashioned\t\t\t\t\t\t\t\t<\/span>                            <\/h6>\n                            <div class=\"pt-food-menu-lines\"><\/div><span class=\"pt-food-menu-price\">16 $<\/span>                        <\/div>                            <p class=\"pt-food-menu-details\">2 oz - bourbon, sirop simple, angostura\nbitters \/ bourbon, simple syrup, Angostura bitters<\/p>                    <\/div>\n                <\/div>                <div class=\"pt-food-menu-item\">                    <div class=\"pt-food-menu-main\">\n                        <div class=\"pt-food-menu-header\">                            <h6 class=\"pt-food-menu-title\">                                <span class=\"title-wrap\">Basil Margarita \t\t\t\t\t\t\t\t<\/span>                            <\/h6>\n                            <div class=\"pt-food-menu-lines\"><\/div><span class=\"pt-food-menu-price\">15 $<\/span>                        <\/div>                            <p class=\"pt-food-menu-details\">2.5 oz - tequila, triple sec, Dillon\u2019s amer \u00e0\nl\u2019orange, jus de lime, sirop simple, basilic \/ tequila, triple sec, Dillon\u2019s orange bitter, lime juice, simple syrup, basil<\/p>                    <\/div>\n                <\/div>                <div class=\"pt-food-menu-item\">                    <div class=\"pt-food-menu-main\">\n                        <div class=\"pt-food-menu-header\">                            <h6 class=\"pt-food-menu-title\">                                <span class=\"title-wrap\">Long Island Iced Tea\t\t\t\t\t\t\t\t<\/span>                            <\/h6>\n                            <div class=\"pt-food-menu-lines\"><\/div><span class=\"pt-food-menu-price\">14 $<\/span>                        <\/div>                            <p class=\"pt-food-menu-details\">2.5 oz - vodka, rhum, tequila, gin,\ntriple sec, jus de citron, coca cola \/ vodka, rum, tequila, gin, triple sec, lemon juice, Coca-Cola<\/p>                    <\/div>\n                <\/div>                <div class=\"pt-food-menu-item\">                    <div class=\"pt-food-menu-main\">\n                        <div class=\"pt-food-menu-header\">                            <h6 class=\"pt-food-menu-title\">                                <span class=\"title-wrap\">Cosmopolitan\t\t\t\t\t\t\t\t<\/span>                            <\/h6>\n                            <div class=\"pt-food-menu-lines\"><\/div><span class=\"pt-food-menu-price\">15 $<\/span>                        <\/div>                            <p class=\"pt-food-menu-details\">2.5 oz - vodka absolut citron, triple sec, jus\nde lime, jus de canneberges \/ Absolut Citron vodka, triple sec, lime juice, cranberry juice<\/p>                    <\/div>\n                <\/div>                <div class=\"pt-food-menu-item\">                    <div class=\"pt-food-menu-main\">\n                        <div class=\"pt-food-menu-header\">                            <h6 class=\"pt-food-menu-title\">                                <span class=\"title-wrap\">Paper Plane \t\t\t\t\t\t\t\t<\/span>                            <\/h6>\n                            <div class=\"pt-food-menu-lines\"><\/div><span class=\"pt-food-menu-price\">17 $<\/span>                        <\/div>                            <p class=\"pt-food-menu-details\">3 oz - amaro nonino, bourbon, aperol, jus de citron \/ Amaro Nonino, bourbon, Aperol, lemon juice<\/p>                    <\/div>\n                <\/div>                <div class=\"pt-food-menu-item\">                    <div class=\"pt-food-menu-main\">\n                        <div class=\"pt-food-menu-header\">                            <h6 class=\"pt-food-menu-title\">                                <span class=\"title-wrap\">Litchi Martini\t\t\t\t\t\t\t\t<\/span>                            <\/h6>\n                            <div class=\"pt-food-menu-lines\"><\/div><span class=\"pt-food-menu-price\">15 $<\/span>                        <\/div>                            <p class=\"pt-food-menu-details\">2.5 oz - vodka, soho, jus de canneberge \/ vodka, Soho liqueur, cranberry juice<\/p>                    <\/div>\n                <\/div>                <div class=\"pt-food-menu-item\">                    <div class=\"pt-food-menu-main\">\n                        <div class=\"pt-food-menu-header\">                            <h6 class=\"pt-food-menu-title\">                                <span class=\"title-wrap\">Dry Martini \t\t\t\t\t\t\t\t<\/span>                            <\/h6>\n                            <div class=\"pt-food-menu-lines\"><\/div><span class=\"pt-food-menu-price\">15 $<\/span>                        <\/div>                            <p class=\"pt-food-menu-details\">3.5 oz - vodka, vermouth sec, bitter, zeste de citron (option gin disponible) \/ vodka, dry vermouth, bitters, lemon zest (gin option available)\n<br>*Premium de gin ou vodka \/ Premium gin or vodka + 2 $<\/p>                    <\/div>\n                <\/div>                <div class=\"pt-food-menu-item\">                    <div class=\"pt-food-menu-main\">\n                        <div class=\"pt-food-menu-header\">                            <h6 class=\"pt-food-menu-title\">                                <span class=\"title-wrap\">Vesper Martini\t\t\t\t\t\t\t\t<\/span>                            <\/h6>\n                            <div class=\"pt-food-menu-lines\"><\/div><span class=\"pt-food-menu-price\">18 $<\/span>                        <\/div>                            <p class=\"pt-food-menu-details\">4.5 oz - gin, vodka, lillet blanc, zeste de\ncitron \/ gin, vodka, Lillet Blanc, lemon zest<\/p>                    <\/div>\n                <\/div>                <div class=\"pt-food-menu-item\">                    <div class=\"pt-food-menu-main\">\n                        <div class=\"pt-food-menu-header\">                            <h6 class=\"pt-food-menu-title\">                                <span class=\"title-wrap\">Espresso Martini\t\t\t\t\t\t\t\t<\/span>                            <\/h6>\n                            <div class=\"pt-food-menu-lines\"><\/div><span class=\"pt-food-menu-price\">15 $<\/span>                        <\/div>                            <p class=\"pt-food-menu-details\">3.5 oz - vodka, Kahl\u00faa, espresso, sirop\nsimple \/ vodka, Kahl\u00faa, espresso, simple syrup<\/p>                    <\/div>\n                <\/div>            <\/div>\t\t\t\t<\/div>\n\t\t\t\t<\/div>\n\t\t\t\t\t<\/div>\n\t\t<\/div>\n\t\t\t\t\t<\/div>\n\t\t<\/section>\n\t\t\t\t<\/div>","protected":false},"excerpt":{"rendered":"<p>Cocktails Restaurant St-Bruno Aperol Spritz 14 $ 5 oz &#8211; Aperol, prosecco, soda Hugo Spritz 14 $ 4.5 oz &#8211; St-Germain, prosecco, soda, menthe\/mint Bloody Caesar 14 $ 1.5 oz &#8211; vodka, jus de clamato, jus de citron, worcestershire, tabasco, sel de c\u00e9leri et \u00e9pices \u00e0 steak \/ vodka, Clamato juice, lemon juice, Worcestershire, Tabasco, &#8230;<\/p>","protected":false},"author":1,"featured_media":0,"parent":0,"menu_order":0,"comment_status":"closed","ping_status":"closed","template":"template-wide-content.php","meta":{"patiotime_single_page_hide_site_header":"","patiotime_single_page_site_header_source":"","patiotime_single_page_custom_site_header":"0","patiotime_single_page_custom_sticky_site_header":"0","patiotime_single_page_custom_page_title_margin_top_source":"","patiotime_single_page_custom_page_title_desktop_margin_top":"","patiotime_single_page_custom_page_title_tablet_margin_top":"","patiotime_single_page_custom_page_title_mobile_margin_top":"","patiotime_single_page_hide_page_title":"on","patiotime_single_page_header_section_size":"","patiotime_single_page_header_background_color":"","patiotime_single_page_header_background_position_x":"center","patiotime_single_page_header_background_position_y":"center","patiotime_single_page_header_background_size":"cover","patiotime_single_page_header_background_repeat":"off","patiotime_single_page_header_background_scroll":"on","patiotime_single_page_header_text_color":"","patiotime_single_page_header_show_breadcrumb":"","patiotime_single_page_site_footer_hide_main":"","patiotime_single_custom_site_footer_main_source":"","patiotime_single_custom_site_footer_main":"0","patiotime_single_page_site_footer_hide_above":"","patiotime_single_custom_site_footer_above_source":"","patiotime_single_custom_site_footer_above":"0","patiotime_single_page_site_footer_hide_instagram":"","patiotime_single_page_site_footer_hide_bottom":"","patiotime_single_custom_mobile_menu_source":"","patiotime_single_custom_mobile_menu":"0","patiotime_single_custom_mobile_menu_animation":"","patiotime_single_custom_mobile_menu_width":"","patiotime_single_custom_mobile_menu_custom_width":375,"footnotes":""},"class_list":["post-1722","page","type-page","status-publish","hentry"],"_links":{"self":[{"href":"https:\/\/www.restaurantstbruno.com\/fr\/wp-json\/wp\/v2\/pages\/1722","targetHints":{"allow":["GET"]}}],"collection":[{"href":"https:\/\/www.restaurantstbruno.com\/fr\/wp-json\/wp\/v2\/pages"}],"about":[{"href":"https:\/\/www.restaurantstbruno.com\/fr\/wp-json\/wp\/v2\/types\/page"}],"author":[{"embeddable":true,"href":"https:\/\/www.restaurantstbruno.com\/fr\/wp-json\/wp\/v2\/users\/1"}],"replies":[{"embeddable":true,"href":"https:\/\/www.restaurantstbruno.com\/fr\/wp-json\/wp\/v2\/comments?post=1722"}],"version-history":[{"count":13,"href":"https:\/\/www.restaurantstbruno.com\/fr\/wp-json\/wp\/v2\/pages\/1722\/revisions"}],"predecessor-version":[{"id":1862,"href":"https:\/\/www.restaurantstbruno.com\/fr\/wp-json\/wp\/v2\/pages\/1722\/revisions\/1862"}],"wp:attachment":[{"href":"https:\/\/www.restaurantstbruno.com\/fr\/wp-json\/wp\/v2\/media?parent=1722"}],"curies":[{"name":"wp","href":"https:\/\/api.w.org\/{rel}","templated":true}]}}